{"id":31,"date":"2015-11-01T09:52:06","date_gmt":"2015-11-01T09:52:06","guid":{"rendered":"http:\/\/expresslogistics.weblusive-themes.com\/?page_id=31"},"modified":"2023-01-06T10:22:19","modified_gmt":"2023-01-06T09:22:19","slug":"home","status":"publish","type":"page","link":"https:\/\/www.howasped.de\/","title":{"rendered":"Home"},"content":{"rendered":"<p>[vc_row css=&#8220;.vc_custom_1476635856462{margin-top: -60px !important;}&#8220;][vc_column css=&#8220;.vc_custom_1446466193322{padding-right: 0px !important;padding-left: 0px !important;}&#8220;]<div class=\"fullsize fullsize-background notopborder nobottomborder  \" style=\" background-color:#f7f8f9 !important; background-repeat:no-repeat !important; \">[vc_row_inner el_class=&#8220;container&#8220;][vc_column_inner anim=&#8220;fadeInUp&#8220; nav=&#8220;true&#8220; pag=&#8220;true&#8220; auto=&#8220;true&#8220; speed=&#8220;3000&#8243; sitems=&#8220;3&#8243;]<div id=\"conent-slider-37112\" class=\"content-slider  owl-carousel \">\r\n\t\t\t\t\t\t<div class=\"col-md-12\"><div class=\"item\"><div class=\"services-content sblock1  \">\r\n\t\t\t\t\t<img decoding=\"async\" src=\"https:\/\/www.howasped.de\/wp-content\/uploads\/2017\/02\/Home_nationale-Transporte.jpg\" alt=\"img\">\r\n\t\t\t\t\t<h3>nationale Transporte<\/h3>\t\t\t\t\t\r\n\t\t\t\t\t<p>Bundesweite Sammelgutverkehre mit Schwerpunkt Gastronomie,Fachhandel und LEH, mit h\u00f6chster Effizienz durch intelligente Systemverkehre.<\/p>\r\n\t\t\t\t\t<a href=\"http:\/\/www.howasped.de\/index.php\/nationale-logistk\/\">mehr ...<i class=\"fa fa-caret-right\"><\/i><\/a>\r\n\t\t\t\t<\/div><\/div><\/div>\n<div class=\"col-md-12\"><div class=\"item\"><div class=\"services-content sblock1  \">\r\n\t\t\t\t\t<img decoding=\"async\" src=\"https:\/\/www.howasped.de\/wp-content\/uploads\/2017\/02\/Home_internationale-Transporte.jpg\" alt=\"img\">\r\n\t\t\t\t\t<h3>Internationale Transporte<\/h3>\t\t\t\t\t\r\n\t\t\t\t\t<p>Regelm\u00e4\u00dfige Abfahrten aus allen west- europ\u00e4ischen Weinanbaugebieten nach Deutschland.<\/p>\n<p><\/p>\r\n\t\t\t\t\t<a href=\"http:\/\/www.howasped.de\/index.php\/internationale-transporte\/\">mehr ...<i class=\"fa fa-caret-right\"><\/i><\/a>\r\n\t\t\t\t<\/div><\/div><\/div>\n<div class=\"col-md-12\"><div class=\"item\"><div class=\"services-content sblock1  \">\r\n\t\t\t\t\t<img decoding=\"async\" src=\"https:\/\/www.howasped.de\/wp-content\/uploads\/2017\/02\/Home_Lagerlogistik.jpg\" alt=\"img\">\r\n\t\t\t\t\t<h3>Lagerlogistik<\/h3>\t\t\t\t\t\r\n\t\t\t\t\t<p>Sie verkaufen!? Wir k\u00fcmmern uns um den Rest. Kommissionierung jeglicher Einheiten.<br \/>\nWeltweiter Paletten &amp; Paketversand. Aktionsabwicklung.<\/p>\r\n\t\t\t\t\t<a href=\"http:\/\/www.howasped.de\/index.php\/lagerlogistik\/\">Mehr...<i class=\"fa fa-caret-right\"><\/i><\/a>\r\n\t\t\t\t<\/div><\/div><\/div>\r\n\t\t\t\t\t<\/div><script type=\"text\/javascript\">\r\n\t\t\t\tjQuery(document).ready(function(){\r\n\t\t\t\t\tjQuery(\"#conent-slider-37112\").owlCarousel({\r\n\t\t\t\t\t\trtl\t:false,\r\n\t\t\t\t\t\t\t\tnav : false, \/\/ Show next and prev buttons\r\n\t\t\t\t\t\t\t\tdots:false,\r\n\t\t\t\t\t\t\t\titems : 3,\r\n\t\t\t\t\t\t\t\tautoplay: false,\r\n\t\t\t\t\t\t\t\tautoplayTimeout:0,\r\n\t\t\t\t\t\t\t\tloop:true,\r\n\t\t\t\t\t\t\t\tmargin:0,\r\n\t\t\t\t\t\t\t\tresponsiveClass:true,\r\n\t\t\t\t\t\t\t\tresponsive:{\r\n\t\t\t\t\t\t\t\t\t0:{\r\n\t\t\t\t\t\t\t\t\t\titems:1,\r\n\t\t\t\t\t\t\t\t\t},\r\n\t\t\t\t\t\t\t\t\t600:{\r\n\t\t\t\t\t\t\t\t\t\titems:2,\r\n\t\t\t\t\t\t\t\t\t},\r\n\t\t\t\t\t\t\t\t\t1000:{\r\n\t\t\t\t\t\t\t\t\t\titems:3,\r\n\t\t\t\t\t\t\t\t\t}\r\n\t\t\t\t\t\t\t\t}\r\n\t\t\t\t\t});})\r\n\t\t\t<\/script>[\/vc_column_inner][\/vc_row_inner]<\/div><script>\r\n\t\t\tjQuery(function(){\r\n\t\t\t\tjQuery(\"#ytvideo16698\").mb_YTPlayer();\r\n\t\t\t});\r\n\t\t\t<\/script>[\/vc_column][\/vc_row][vc_row newlayout=&#8220;Fixed&#8220;][vc_column]<div class=\"section-header tblock-default text-center  animation fadeInUp \">\r\n\t\t\t\t<h3 class=\"tblock \" style=\"color: !important;\">Unsere Leistungen<\/h3><p style=\"color: !important;\">Ihr Professioneller Partner f\u00fcr Wein Logistik<\/p>\r\n\t\t\t<\/div>[\/vc_column][\/vc_row][vc_row newlayout=&#8220;Fixed&#8220; css=&#8220;.vc_custom_1446375834512{margin-bottom: 0px !important;}&#8220;][vc_column width=&#8220;1\/2&#8243;]<div class=\"offers-content fblock1  animation fadeInRight \">\r\n\t\t\t\t\t<i class=\"fa fa-globe\"><\/i>\r\n\t\t\t\t\t<h3>Internationale Transporte<\/h3>\r\n\t\t\t\t\t<p>Regelm\u00e4\u00dfige Sammelverkehre aus allen west- europ\u00e4ischen Weinanbaugebieten nach Deutschland.<\/p>\r\n\t\t\t\t<\/div><div class=\"offers-content fblock1  animation fadeInRight \">\r\n\t\t\t\t\t<i class=\"fa fa-truck \"><\/i>\r\n\t\t\t\t\t<h3>Nationale Transporte<\/h3>\r\n\t\t\t\t\t<p>Bundesweite Sammelverkehre mit Schwerpunkt Gastronomie,Fachhandel und LEH, mit h\u00f6chster Effizienz durch intelligente Systemverkehre .<\/p>\r\n\t\t\t\t<\/div>[\/vc_column][vc_column width=&#8220;1\/2&#8243;]<div class=\"offers-content fblock1  animation fadeInRight \">\r\n\t\t\t\t\t<i class=\"fa fa-dropbox\"><\/i>\r\n\t\t\t\t\t<h3>Lagerlogistik<\/h3>\r\n\t\t\t\t\t<p>Bereitstellen von geeigneten R\u00e4umlichkeiten und langj\u00e4hrigem Know how in der Weinlogistik, Verf\u00fcgbarkeit von Zoll- und Verbrauchsteuerl\u00e4gern.<\/p>\r\n\t\t\t\t<\/div><div class=\"offers-content fblock1  animation fadeInRight \">\r\n\t\t\t\t\t<i class=\"fa fa-minus-square\"><\/i>\r\n\t\t\t\t\t<h3>individuelle Sonderl\u00f6sungen<\/h3>\r\n\t\t\t\t\t<p>Aktionsabwicklungen, Etikettieren von Weinflaschen &amp; Kartons oder die Konfektionierung von Displays. Wir k\u00f6nnen jeden Ihrer W\u00fcnsche ausf\u00fchren.<\/p>\r\n\t\t\t\t<\/div>[\/vc_column][\/vc_row][vc_row newlayout=&#8220;Fixed&#8220;][vc_column]<div class=\"section-header tblock-default text-center   \">\r\n\t\t\t\t<h3 class=\"tblock \" style=\"color: !important;\">Unsere Philosophie<\/h3><p style=\"color: !important;\">Die Zufriedenheit unserer Kunden ist die Voraussetzung f\u00fcr unseren langfristigen Erfolg unseres Unternehmens. Basis f\u00fcr die Zufriedenheit unserer Kunden ist die Gew\u00e4hrleistung einer gleich bleibend qualitativ hochwertigen Dienstleistung. Mit unserem Unternehmensleitbild, welches die Qualit\u00e4tsstandards f\u00fcr die Howasped definiert, wird dem Rechnung getragen.<\/p>\r\n\t\t\t<\/div>[vc_row_inner][vc_column_inner][vc_video link=&#8220;https:\/\/youtu.be\/HMW-RW5PLdc&#8220; el_width=&#8220;70&#8243; align=&#8220;center&#8220;][\/vc_column_inner][\/vc_row_inner][\/vc_column][\/vc_row][vc_row full_width=&#8220;stretch_row_content&#8220; css=&#8220;.vc_custom_1476635459103{margin-bottom: 0px !important;}&#8220;][vc_column css=&#8220;.vc_custom_1446374153527{padding-right: 0px !important;padding-left: 0px !important;}&#8220;][vc_row_inner][vc_column_inner el_class=&#8220;features-block&#8220; width=&#8220;1\/2&#8243;]<div class=\"blank-spacer clearfix  \"  style=\"margin-bottom:80px !important; clear:both;\"><\/div><div class=\"section-header tblock-default text-left   color-white\">\r\n\t\t\t\t<h3 class=\"tblock \" style=\"color: !important;\">Warum viele Kunden uns vertrauen!<\/h3><p style=\"color: !important;\">Tagespreise kann jeder, doch auch zu jeder Zeit g\u00fcnstig ? Wir k\u00f6nnen das mit zielgerichteten Tarifen um Konsolidierungseffekte aus allen Ihrer Anbauregionen zu nutzen. Langfristige Gesch\u00e4ftsbeziehungen zeichnen uns aus, denn nur so k\u00f6nnen Sie erfolgreich und g\u00fcnstig Ihre Gesch\u00e4fte abwickeln.<\/p>\r\n\t\t\t<\/div><a href=\"#\"  class=\"btn  defaultsize btn-default    \">Mehr&#8230;<i class=\"fa fa-user\"><\/i><\/a><div class=\"blank-spacer clearfix  \"  style=\"margin-bottom:50px !important; clear:both;\"><\/div><div  class=\"servlist-short features-content row animation   color-white\"><div class=\"col-md-4 features-box\">\r\n\t\t\t\t\t\t\t\t<div class=\"item-icon\"><i class=\"fa fa-rocket\"><\/i><span>1<\/span><\/div>\r\n\t\t\t\t\t\t\t\t<div class=\"features-box-content\">\r\n\t\t\t\t\t\t\t\t\t<h4>Wir garantieren Ihnen <\/h4>\r\n\t\t\t\t\t\t\t\t\t<p>Auch in den Aufkommensintensiven Zeiten\u00a0zuverl\u00e4ssig\u00a0und preisstabil\u00a0f\u00fcr Sie t\u00e4tig zu sein<\/p>\r\n\t\t\t\t\t\t\t\t<\/div>\r\n\t\t\t\t\t\t\t<\/div>\n<div class=\"col-md-4 features-box\">\r\n\t\t\t\t\t\t\t\t<div class=\"item-icon\"><i class=\"fa fa-male\"><\/i><span>2<\/span><\/div>\r\n\t\t\t\t\t\t\t\t<div class=\"features-box-content\">\r\n\t\t\t\t\t\t\t\t\t<h4>Unser Versprechen<\/h4>\r\n\t\t\t\t\t\t\t\t\t<p>Durch eine logistische Gesamtl\u00f6sung ein g\u00fcnstiges Angebot zu erstellen<\/p>\r\n\t\t\t\t\t\t\t\t<\/div>\r\n\t\t\t\t\t\t\t<\/div>\n<div class=\"col-md-4 features-box\">\r\n\t\t\t\t\t\t\t\t<div class=\"item-icon\"><i class=\"fa fa-thumbs-o-up\"><\/i><span>3<\/span><\/div>\r\n\t\t\t\t\t\t\t\t<div class=\"features-box-content\">\r\n\t\t\t\t\t\t\t\t\t<h4>Sicherheit<\/h4>\r\n\t\t\t\t\t\t\t\t\t<p>ist f\u00fcr uns da h\u00f6chste Gut um Ihre anspruchsvollen Weine ordentlich abzuliefern<\/p>\r\n\t\t\t\t\t\t\t\t<\/div>\r\n\t\t\t\t\t\t\t<\/div><\/div><div class=\"blank-spacer clearfix  \"  style=\"margin-bottom:80px !important; clear:both;\"><\/div>[\/vc_column_inner][vc_column_inner el_class=&#8220;animation fadeInDown&#8220; width=&#8220;1\/2&#8243;]<div class=\"blank-spacer clearfix  \"  style=\"margin-bottom:80px !important; clear:both;\"><\/div><div class=\"section-header tblock-default text-center   \">\r\n\t\t\t\t<h3 class=\"tblock \" style=\"color: !important;\">Schicken Sie uns Ihre Anfrage<\/h3><p style=\"color: !important;\">Bitte f\u00fcllen Sie das folgende Formular aus und wir werden Sie so schnell wie m\u00f6glich kontaktieren<\/p>\r\n\t\t\t<\/div>[vc_column_text]<div role=\"form\" class=\"wpcf7\" id=\"wpcf7-f73-o1\" lang=\"en-US\" dir=\"ltr\">\n<div class=\"screen-reader-response\"><\/div>\n<form action=\"\/index.php\/wp-json\/wp\/v2\/pages\/31#wpcf7-f73-o1\" method=\"post\" class=\"wpcf7-form quote-form\" novalidate=\"novalidate\">\n<div style=\"display: none;\">\n<input type=\"hidden\" name=\"_wpcf7\" value=\"73\" \/>\n<input type=\"hidden\" name=\"_wpcf7_version\" value=\"4.4\" \/>\n<input type=\"hidden\" name=\"_wpcf7_locale\" value=\"en_US\" \/>\n<input type=\"hidden\" name=\"_wpcf7_unit_tag\" value=\"wpcf7-f73-o1\" \/>\n<input type=\"hidden\" name=\"_wpnonce\" value=\"d980734a41\" \/>\n<\/div>\n<div class=\"request-quote\">\n<div class=\"row\">\n<div class=\"form-group col-md-6\">\n<span class=\"wpcf7-form-control-wrap your-name\"><input type=\"text\" name=\"your-name\" value=\"\" size=\"40\" class=\"wpcf7-form-control wpcf7-text form-control\" aria-invalid=\"false\" placeholder=\"Name\" \/><\/span>\n<\/div>\n<div class=\"form-group col-md-6\">\n<span class=\"wpcf7-form-control-wrap your-subject\"><input type=\"text\" name=\"your-subject\" value=\"\" size=\"40\" class=\"wpcf7-form-control wpcf7-text form-control\" aria-invalid=\"false\" placeholder=\"Betreff\" \/><\/span>\n<\/div>\n<\/div>\n<div class=\"row\">\n<div class=\"form-group col-md-6\">\n<span class=\"wpcf7-form-control-wrap your-email\"><input type=\"text\" name=\"your-email\" value=\"\" size=\"40\" class=\"wpcf7-form-control wpcf7-text form-control\" aria-invalid=\"false\" placeholder=\"Email Addresse\" \/><\/span>\n<\/div>\n<div class=\"form-group col-md-6\">\n<span class=\"wpcf7-form-control-wrap menu-952\"><select name=\"menu-952\" class=\"wpcf7-form-control wpcf7-select\" aria-invalid=\"false\"><option value=\"Grund\">Grund<\/option><option value=\"Internationale Verkehre\">Internationale Verkehre<\/option><option value=\"Nationale Verkehre\">Nationale Verkehre<\/option><option value=\"Lagerlogistik\">Lagerlogistik<\/option><\/select><\/span>\n<\/div>\n<\/div>\n<div class=\"row\">\n<div class=\"form-group col-md-12\">\n<span class=\"wpcf7-form-control-wrap your-message\"><textarea name=\"your-message\" cols=\"40\" rows=\"10\" class=\"wpcf7-form-control wpcf7-textarea form-control\" aria-invalid=\"false\" placeholder=\"Nachricht\"><\/textarea><\/span>\n<\/div>\n<\/div>\n<div class=\"row\">\n<div class=\"form-group col-md-6\">\n<div class=\"wpcf7-form-control-wrap\"><div data-sitekey=\"6LcjWp0UAAAAAHSCKzCjE7xUf8iTqjL1AUvWeZZo\" class=\"wpcf7-form-control g-recaptcha wpcf7-recaptcha\"><\/div>\n<noscript>\n\t<div style=\"width: 302px; height: 422px;\">\n\t\t<div style=\"width: 302px; height: 422px; position: relative;\">\n\t\t\t<div style=\"width: 302px; height: 422px; position: absolute;\">\n\t\t\t\t<iframe src=\"https:\/\/www.google.com\/recaptcha\/api\/fallback?k=6LcjWp0UAAAAAHSCKzCjE7xUf8iTqjL1AUvWeZZo\" frameborder=\"0\" scrolling=\"no\" style=\"width: 302px; height:422px; border-style: none;\">\n\t\t\t\t<\/iframe>\n\t\t\t<\/div>\n\t\t\t<div style=\"width: 300px; height: 60px; border-style: none; bottom: 12px; left: 25px; margin: 0px; padding: 0px; right: 25px; background: #f9f9f9; border: 1px solid #c1c1c1; border-radius: 3px;\">\n\t\t\t\t<textarea id=\"g-recaptcha-response\" name=\"g-recaptcha-response\" class=\"g-recaptcha-response\" style=\"width: 250px; height: 40px; border: 1px solid #c1c1c1; margin: 10px 25px; padding: 0px; resize: none;\">\n\t\t\t\t<\/textarea>\n\t\t\t<\/div>\n\t\t<\/div>\n\t<\/div>\n<\/noscript>\n<\/div>\n<\/div>\n<div class=\"form-group col-md-6\">\n<input type=\"submit\" value=\"Senden\" class=\"wpcf7-form-control wpcf7-submit btn pull-right\" \/>\n<\/div>\n<\/div>\n<\/div>\n<\/div>\n<div class=\"wpcf7-response-output wpcf7-display-none\"><\/div><\/form><\/div>[\/vc_column_text][\/vc_column_inner][\/vc_row_inner]<div class=\"blank-spacer clearfix  \"  style=\"margin-bottom:50px !important; clear:both;\"><\/div><div class=\"fullsize fullsize-background notopborder nobottomborder  \" style=\" background-color:#f6f7f8 !important; background-repeat:no-repeat !important; \"><\/div><script>\r\n\t\t\tjQuery(function(){\r\n\t\t\t\tjQuery(\"#ytvideo30452\").mb_YTPlayer();\r\n\t\t\t});\r\n\t\t\t<\/script>[\/vc_column][\/vc_row][vc_row newlayout=&#8220;Fixed&#8220; css=&#8220;.vc_custom_1446389817854{margin-bottom: 0px !important;}&#8220; el_class=&#8220;text-center&#8220;][vc_column][vc_row_inner][vc_column_inner][\/vc_column_inner][vc_column_inner]<div class=\"section-header tblock-default text-center   \">\r\n\t\t\t\t<h3 class=\"tblock \" style=\"color: !important;\">So finden Sie uns<\/h3><p style=\"color: !important;\"><\/p>\r\n\t\t\t<\/div>[\/vc_column_inner][vc_column_inner width=&#8220;1\/2&#8243;][vc_column_text]<\/p>\n<h3>Speditionsumschlag Schornsheimer Chaussee 11, 55286 W\u00f6rrstadt<\/h3>\n<p>[\/vc_column_text][vc_gmaps link=&#8220;#E-8_JTNDaWZyYW1lJTIwc3JjJTNEJTIyaHR0cHMlM0ElMkYlMkZ3d3cuZ29vZ2xlLmNvbSUyRm1hcHMlMkZlbWJlZCUzRnBiJTNEJTIxMW0xOCUyMTFtMTIlMjExbTMlMjExZDkzMC4wNjg3NDM3NzY5NjkzJTIxMmQ4LjEyNjk5MjQ4NzczMjYzMiUyMTNkNDkuODQwNDM5NDQ2NTYwMDklMjEybTMlMjExZjAlMjEyZjAlMjEzZjAlMjEzbTIlMjExaTEwMjQlMjEyaTc2OCUyMTRmMTMuMSUyMTNtMyUyMTFtMiUyMTFzMHg0N2JkOGM0MzM2YmU5ZWRkJTI1M0EweGExYTRlNWJjOTQwOGVmMDIlMjEyc0hvd2FzcGVkJTJCR2VzZWxsc2NoYWZ0JTJCZiUyNUMzJTI1QkNyJTJCV2Vpbi0lMkJ1bmQlMkJJbmR1c3RyaWVsb2dpc3RpayUyQkdtYkglMkIlMjUyNiUyQkNvLiUyQktHJTIxNWUxJTIxM20yJTIxMXNkZSUyMTJzZGUlMjE0djE0NjcxNDIwODgzMjclMjIlMjB3aWR0aCUzRCUyMjYwMCUyMiUyMGhlaWdodCUzRCUyMjQ1MCUyMiUyMGZyYW1lYm9yZGVyJTNEJTIyMCUyMiUyMHN0eWxlJTNEJTIyYm9yZGVyJTNBMCUyMiUyMGFsbG93ZnVsbHNjcmVlbiUzRSUzQyUyRmlmcmFtZSUzRQ==&#8220; size=&#8220;&#8220;][\/vc_column_inner][vc_column_inner width=&#8220;1\/2&#8243;][vc_column_text]<\/p>\n<h3>Weindistributionszentrum -WDZ- Schornsheimer Chaussee 4, 55286 W\u00f6rrstadt<\/h3>\n<p>[\/vc_column_text][vc_gmaps link=&#8220;#E-8_JTNDaWZyYW1lJTIwc3JjJTNEJTIyaHR0cHMlM0ElMkYlMkZ3d3cuZ29vZ2xlLmNvbSUyRm1hcHMlMkZlbWJlZCUzRnBiJTNEJTIxMW0xOCUyMTFtMTIlMjExbTMlMjExZDkyOS4zOTY4OTczNTU0NTQ0JTIxMmQ4LjEyODY2NjgxNzE1MTY5MSUyMTNkNDkuODQwMTQwMjg4NjYwODc2JTIxMm0zJTIxMWYwJTIxMmYwJTIxM2YwJTIxM20yJTIxMWkxMDI0JTIxMmk3NjglMjE0ZjEzLjElMjEzbTMlMjExbTIlMjExczB4NDdiZDhjNDMxMTNhZjA4MyUyNTNBMHg0YjliYWZiNDFiMTJmOGU0JTIxMnNXRFolMkJXZWluZGlzdHJpYnV0aW9uc3plbnRydW0lMkJIb3dhc3BlZCUyQkdtYkglMkIlMjUyNiUyQkNvLiUyQktHJTIxNWUxJTIxM20yJTIxMXNkZSUyMTJzZGUlMjE0djE0NjcxNDE5MDk4NTglMjIlMjB3aWR0aCUzRCUyMjYwMCUyMiUyMGhlaWdodCUzRCUyMjQ1MCUyMiUyMGZyYW1lYm9yZGVyJTNEJTIyMCUyMiUyMHN0eWxlJTNEJTIyYm9yZGVyJTNBMCUyMiUyMGFsbG93ZnVsbHNjcmVlbiUzRSUzQyUyRmlmcmFtZSUzRQ==&#8220; size=&#8220;&#8220;][\/vc_column_inner][\/vc_row_inner][vc_row_inner][vc_column_inner]<div class=\"section-header tblock-default text-center   \">\r\n\t\t\t\t<h3 class=\"tblock \" style=\"color: !important;\">Unsere Partner<\/h3><p style=\"color: !important;\">Unsere Partner bilden einen Teil der Basis um Ihnen einen bestm\u00f6glichsten Service zu bieten<\/p>\r\n\t\t\t<\/div>[\/vc_column_inner][\/vc_row_inner]<div id=\"clients-slider-14076\" class=\"partners-logos  \">\r\n\t\t\t\t\t\t\n<div class=\"item\"><a href=\"#\"><img decoding=\"async\" src=\"https:\/\/www.howasped.de\/wp-content\/uploads\/2016\/06\/ups_Logo.jpg\"  alt=\"carousel-img\" \/><\/a><\/div>\n\n<div class=\"item\"><a href=\"#\"><img decoding=\"async\" src=\"https:\/\/www.howasped.de\/wp-content\/uploads\/2016\/06\/Kuehe_Nagel.jpg\"  alt=\"carousel-img\" \/><\/a><\/div>\n\n<div class=\"item\"><a href=\"#\"><img decoding=\"async\" src=\"https:\/\/www.howasped.de\/wp-content\/uploads\/2016\/06\/kraftverkehr_Nagel.jpg\"  alt=\"carousel-img\" \/><\/a><\/div>\n\n<div class=\"item\"><a href=\"#\"><img decoding=\"async\" src=\"https:\/\/www.howasped.de\/wp-content\/uploads\/2016\/06\/selection.jpg\"  alt=\"carousel-img\" \/><\/a><\/div>\n\n<div class=\"item\"><a href=\"#\"><img decoding=\"async\" src=\"https:\/\/www.howasped.de\/wp-content\/uploads\/2016\/05\/dhl-2.jpg\"  alt=\"carousel-img\" \/><\/a><\/div>\r\n\t\t\t\t\t<\/div><script type=\"text\/javascript\">\r\n\t\t\t\tjQuery(document).ready(function(){jQuery(\"#clients-slider-14076\").owlCarousel({\r\n\t\t\t\t\t\t\t\trtl\t:false,\r\n\t\t\t\t\t\t\t\tdots : false,\r\n\t\t\t\t\t\t\t\tloop: true,\r\n\t\t\t\t\t\t\t\tnav: false,\r\n\t\t\t\t\t\t\t\tautoplay: true,\r\n\t\t\t\t\t\t\t\tautoplayTimeout:3000,\r\n\t\t\t\t\t\t\t\titems : 5,\r\n\t\t\t\t\t\t\t\tresponsive: {\r\n\t\t\t\t\t\t\t\t\t0: {\r\n\t\t\t\t\t\t\t\t\t\titems: 1\r\n\t\t\t\t\t\t\t\t\t},\r\n\t\t\t\t\t\t\t\t\t768: {\r\n\t\t\t\t\t\t\t\t\t\titems: 4\r\n\t\t\t\t\t\t\t\t\t},\r\n\t\t\t\t\t\t\t\t\t1200: {\r\n\t\t\t\t\t\t\t\t\t\titems: 5,\r\n\t\t\t\t\t\t\t\t\t}\r\n\t\t\t\t\t\t\t\t}\r\n\t\t\t\t\t\t\t});})\r\n\t\t\t<\/script>[\/vc_column][\/vc_row]<\/p>\n","protected":false},"excerpt":{"rendered":"<p>[vc_row css=&#8220;.vc_custom_1476635856462{margin-top: -60px !important;}&#8220;][vc_column css=&#8220;.vc_custom_1446466193322{padding-right: 0px !important;padding-left: 0px !important;}&#8220;][\/vc_column][\/vc_row][vc_row newlayout=&#8220;Fixed&#8220;][vc_column][\/vc_column][\/vc_row][vc_row newlayout=&#8220;Fixed&#8220; css=&#8220;.vc_custom_1446375834512{margin-bottom: 0px !important;}&#8220;][vc_column width=&#8220;1\/2&#8243;][\/vc_column][vc_column width=&#8220;1\/2&#8243;][\/vc_column][\/vc_row][vc_row newlayout=&#8220;Fixed&#8220;][vc_column][vc_row_inner][vc_column_inner][vc_video link=&#8220;https:\/\/youtu.be\/HMW-RW5PLdc&#8220; el_width=&#8220;70&#8243; align=&#8220;center&#8220;][\/vc_column_inner][\/vc_row_inner][\/vc_column][\/vc_row][vc_row full_width=&#8220;stretch_row_content&#8220; css=&#8220;.vc_custom_1476635459103{margin-bottom: 0px !important;}&#8220;][vc_column css=&#8220;.vc_custom_1446374153527{padding-right: 0px !important;padding-left: 0px !important;}&#8220;][vc_row_inner][vc_column_inner el_class=&#8220;features-block&#8220; width=&#8220;1\/2&#8243;][\/vc_column_inner][vc_column_inner el_class=&#8220;animation fadeInDown&#8220; width=&#8220;1\/2&#8243;][vc_column_text][\/vc_column_text][\/vc_column_inner][\/vc_row_inner][\/vc_column][\/vc_row][vc_row newlayout=&#8220;Fixed&#8220; css=&#8220;.vc_custom_1446389817854{margin-bottom: 0px !important;}&#8220; el_class=&#8220;text-center&#8220;][vc_column][vc_row_inner][vc_column_inner][\/vc_column_inner][vc_column_inner][\/vc_column_inner][vc_column_inner width=&#8220;1\/2&#8243;][vc_column_text] Speditionsumschlag Schornsheimer Chaussee 11, 55286 W\u00f6rrstadt [\/vc_column_text][vc_gmaps link=&#8220;#E-8_JTNDaWZyYW1lJTIwc3JjJTNEJTIyaHR0cHMlM0ElMkYlMkZ3d3cuZ29vZ2xlLmNvbSUyRm1hcHMlMkZlbWJlZCUzRnBiJTNEJTIxMW0xOCUyMTFtMTIlMjExbTMlMjExZDkzMC4wNjg3NDM3NzY5NjkzJTIxMmQ4LjEyNjk5MjQ4NzczMjYzMiUyMTNkNDkuODQwNDM5NDQ2NTYwMDklMjEybTMlMjExZjAlMjEyZjAlMjEzZjAlMjEzbTIlMjExaTEwMjQlMjEyaTc2OCUyMTRmMTMuMSUyMTNtMyUyMTFtMiUyMTFzMHg0N2JkOGM0MzM2YmU5ZWRkJTI1M0EweGExYTRlNWJjOTQwOGVmMDIlMjEyc0hvd2FzcGVkJTJCR2VzZWxsc2NoYWZ0JTJCZiUyNUMzJTI1QkNyJTJCV2Vpbi0lMkJ1bmQlMkJJbmR1c3RyaWVsb2dpc3RpayUyQkdtYkglMkIlMjUyNiUyQkNvLiUyQktHJTIxNWUxJTIxM20yJTIxMXNkZSUyMTJzZGUlMjE0djE0NjcxNDIwODgzMjclMjIlMjB3aWR0aCUzRCUyMjYwMCUyMiUyMGhlaWdodCUzRCUyMjQ1MCUyMiUyMGZyYW1lYm9yZGVyJTNEJTIyMCUyMiUyMHN0eWxlJTNEJTIyYm9yZGVyJTNBMCUyMiUyMGFsbG93ZnVsbHNjcmVlbiUzRSUzQyUyRmlmcmFtZSUzRQ==&#8220; size=&#8220;&#8220;][\/vc_column_inner][vc_column_inner width=&#8220;1\/2&#8243;][vc_column_text] Weindistributionszentrum -WDZ- Schornsheimer Chaussee 4, [&hellip;]<\/p>\n","protected":false},"author":1,"featured_media":0,"parent":0,"menu_order":0,"comment_status":"closed","ping_status":"closed","template":"","meta":{"footnotes":""},"class_list":["post-31","page","type-page","status-publish","hentry"],"_links":{"self":[{"href":"https:\/\/www.howasped.de\/index.php\/wp-json\/wp\/v2\/pages\/31","targetHints":{"allow":["GET"]}}],"collection":[{"href":"https:\/\/www.howasped.de\/index.php\/wp-json\/wp\/v2\/pages"}],"about":[{"href":"https:\/\/www.howasped.de\/index.php\/wp-json\/wp\/v2\/types\/page"}],"author":[{"embeddable":true,"href":"https:\/\/www.howasped.de\/index.php\/wp-json\/wp\/v2\/users\/1"}],"replies":[{"embeddable":true,"href":"https:\/\/www.howasped.de\/index.php\/wp-json\/wp\/v2\/comments?post=31"}],"version-history":[{"count":0,"href":"https:\/\/www.howasped.de\/index.php\/wp-json\/wp\/v2\/pages\/31\/revisions"}],"wp:attachment":[{"href":"https:\/\/www.howasped.de\/index.php\/wp-json\/wp\/v2\/media?parent=31"}],"curies":[{"name":"wp","href":"https:\/\/api.w.org\/{rel}","templated":true}]}}