{"id":283,"date":"2016-03-22T12:18:03","date_gmt":"2016-03-22T11:18:03","guid":{"rendered":"http:\/\/www.howasped.de\/neu\/?page_id=283"},"modified":"2025-01-16T10:07:03","modified_gmt":"2025-01-16T09:07:03","slug":"offene-stellen","status":"publish","type":"page","link":"https:\/\/www.howasped.de\/index.php\/offene-stellen\/","title":{"rendered":"Offene Stellen"},"content":{"rendered":"<p>[vc_row][vc_column]<div class=\"blank-spacer clearfix  \" ><\/div>[\/vc_column][\/vc_row][vc_row][vc_column]<div class=\"section-header tblock-default text-center   \">\r\n\t\t\t\t<h3 class=\"tblock \" style=\"color: !important;\">Offene Stellen<\/h3><p style=\"color: !important;\">Wir wachsen weiter! Daher suchen wir laufend Voll- und Teilzeitmitarbeiter, Praktikanten und Auszubildende die uns beim Ausbau unserer erfolgreichen Aktivit\u00e4ten unterst\u00fctzen. <\/p>\r\n\t\t\t<\/div>[\/vc_column][\/vc_row][vc_row][vc_column]<div class=\"panel panel-default  \"><div class=\"panel-heading\"><span class=\"panel-title\">Auszubildender zum Kaufmann f\u00fcr Speditions- &amp; Logistikdienstleistungen<\/span><\/div><div class=\"panel-body\">Vorraussetzung: Mittlere Reife<\/p>\n<ul>\n<li>Freie Stellen: 2<\/li>\n<li>Verf\u00fcgbar zum 01.08.25<\/li>\n<\/ul>\n<p>Bewerbungen bitte per Mail oder Brief an <a href=\"mailto:carolin.hochgesand@howasped.de\">carolin.hochgesand@howasped.de<\/a><\/div><\/div><div class=\"panel panel-default  \"><div class=\"panel-heading\"><span class=\"panel-title\">Auszubildender zur Fachkraft f\u00fcr Lagerlogistik<\/span><\/div><div class=\"panel-body\">Vorraussetzung: guter Hauptschulabschluss<\/p>\n<ul>\n<li><span style=\"line-height: 1.5;\">Freie Stellen: 2<\/span><\/li>\n<li>Verf\u00fcgbar zum 01.08.25<\/li>\n<\/ul>\n<p>Bewerbungen bitte per Mail oder Brief an <a href=\"mailto:hendrik.hochgesand@howasped.de\">carolin.hochgesand@howasped.de<\/a><\/div><\/div><div class=\"panel panel-default  \"><div class=\"panel-heading\"><span class=\"panel-title\">Praktikant\/-in in unseren Ausbildungberufen<\/span><\/div><div class=\"panel-body\">Bewerbungen bitte per Mail oder Brief an:\u00a0<a href=\"mailto:carolin.hochgesand@howasped.de\">carolin.hochgesand@howasped.de<\/a><\/div><\/div>[\/vc_column][\/vc_row][vc_row][vc_column][vc_column_text]<\/p>\n<div>\n<p style=\"text-align: left;\">Was erwarten wir von unseren Mitarbeitern? Selbstverst\u00e4ndliche Eigenschaften, die wir f\u00fcr alle Aufgaben voraussetzen, sind:<\/p>\n<ul>\n<li>Selbstst\u00e4ndigkeit und Eigeninitiative<\/li>\n<li>Organisationstalent<\/li>\n<li>Sorgf\u00e4ltige Arbeitsweise<\/li>\n<li>Professionelle und freundliche Kommunikation mit Kunden und Mitarbeitern<\/li>\n<li>Sehr gute Umgangsformen<\/li>\n<\/ul>\n<p>&nbsp;<\/p>\n<\/div>\n<p>[\/vc_column_text][\/vc_column][\/vc_row]<\/p>\n","protected":false},"excerpt":{"rendered":"<p>[vc_row][vc_column][\/vc_column][\/vc_row][vc_row][vc_column][\/vc_column][\/vc_row][vc_row][vc_column][\/vc_column][\/vc_row][vc_row][vc_column][vc_column_text] Was erwarten wir von unseren Mitarbeitern? Selbstverst\u00e4ndliche Eigenschaften, die wir f\u00fcr alle Aufgaben voraussetzen, sind: Selbstst\u00e4ndigkeit und Eigeninitiative Organisationstalent Sorgf\u00e4ltige Arbeitsweise Professionelle und freundliche Kommunikation mit Kunden und Mitarbeitern Sehr gute Umgangsformen &nbsp; [\/vc_column_text][\/vc_column][\/vc_row]<\/p>\n","protected":false},"author":1,"featured_media":1251,"parent":0,"menu_order":0,"comment_status":"closed","ping_status":"closed","template":"","meta":{"footnotes":""},"class_list":["post-283","page","type-page","status-publish","has-post-thumbnail","hentry"],"_links":{"self":[{"href":"https:\/\/www.howasped.de\/index.php\/wp-json\/wp\/v2\/pages\/283","targetHints":{"allow":["GET"]}}],"collection":[{"href":"https:\/\/www.howasped.de\/index.php\/wp-json\/wp\/v2\/pages"}],"about":[{"href":"https:\/\/www.howasped.de\/index.php\/wp-json\/wp\/v2\/types\/page"}],"author":[{"embeddable":true,"href":"https:\/\/www.howasped.de\/index.php\/wp-json\/wp\/v2\/users\/1"}],"replies":[{"embeddable":true,"href":"https:\/\/www.howasped.de\/index.php\/wp-json\/wp\/v2\/comments?post=283"}],"version-history":[{"count":0,"href":"https:\/\/www.howasped.de\/index.php\/wp-json\/wp\/v2\/pages\/283\/revisions"}],"wp:featuredmedia":[{"embeddable":true,"href":"https:\/\/www.howasped.de\/index.php\/wp-json\/wp\/v2\/media\/1251"}],"wp:attachment":[{"href":"https:\/\/www.howasped.de\/index.php\/wp-json\/wp\/v2\/media?parent=283"}],"curies":[{"name":"wp","href":"https:\/\/api.w.org\/{rel}","templated":true}]}}