{"id":259,"date":"2016-03-22T12:14:05","date_gmt":"2016-03-22T11:14:05","guid":{"rendered":"http:\/\/www.howasped.de\/neu\/?page_id=259"},"modified":"2017-02-16T18:31:34","modified_gmt":"2017-02-16T17:31:34","slug":"zollabfertigung","status":"publish","type":"page","link":"https:\/\/www.howasped.de\/index.php\/zollabfertigung\/","title":{"rendered":"Zollabfertigung"},"content":{"rendered":"<p>[vc_row][vc_column][vc_row_inner][vc_column_inner]<div class=\"section-header tblock-default text-center   \">\r\n\t\t\t\t<h3 class=\"tblock \" style=\"color: !important;\">ZOLLABFERTIGUNG<\/h3><p style=\"color: !important;\"><\/p>\r\n\t\t\t<\/div>[\/vc_column_inner][\/vc_row_inner][vc_column_text]<\/p>\n<blockquote>\n<p style=\"text-align: left;\">WICHTIGE MITTEILUNG f\u00fcr die Bef\u00f6rderung Verbrauchsteuerpflichtiger Waren EMCS (Excise Movement and Control System)<\/p>\n<p style=\"text-align: left;\"><span>l\u00f6st ab 01.04.2010 die bisherigen Verfahren ab.<br \/>\n<\/span><\/p>\n<\/blockquote>\n<p>[\/vc_column_text][\/vc_column][\/vc_row][vc_row][vc_column width=&#8220;2\/3&#8243;][vc_column_text]<\/p>\n<p style=\"text-align: left;\"><strong>Lesen Sie hier, was sich f\u00fcr Sie \u00e4ndert<\/strong><span> \u2013&gt; <\/span><a href=\"http:\/\/www.howasped.de\/wp-content\/uploads\/2016\/06\/Neuerungen-EMCS-ab-01.04.2010.pdf\" target=\"_blank\">Neuerungen EMCS ab 01.04.2010.pdf<\/a><\/p>\n<p style=\"text-align: left;\"><span>Jeder der mit Im- und Export von Waren zu tun hat kennt das Problem mit\u00a0Zollrichtlinien und Zolldokumenten.Gerne unterst\u00fctzen wir Sie dabei, diese l\u00e4stige Pflicht zu erf\u00fcllen.<\/span><\/p>\n<ul>\n<li style=\"text-align: left;\"><span><span>Eigene Verbrauchssteuernummer. Wir \u00fcbernehmen f\u00fcr Sie die eVD- und Verbrauchsteuerabfertigung.<\/span><\/span><\/li>\n<\/ul>\n<p>&nbsp;<\/p>\n<ul>\n<li style=\"text-align: left;\"><span><span><\/span><\/span><span><span><span><span><span><span>Z<\/span><\/span><\/span><\/span><span>o<\/span>llabfertigung.<\/span><\/span><\/li>\n<\/ul>\n<p>&nbsp;<\/p>\n<ul>\n<li style=\"text-align: left;\"><span><span>Intrastat-Abfertigung, falls erforderlich und gew\u00fcnscht.<br \/>\n<\/span><\/span><\/li>\n<\/ul>\n<p>[\/vc_column_text][\/vc_column][vc_column width=&#8220;1\/3&#8243;][vc_single_image image=&#8220;1130&#8243; img_size=&#8220;220&#215;220&#8243;][\/vc_column][\/vc_row]<\/p>\n","protected":false},"excerpt":{"rendered":"<p>[vc_row][vc_column][vc_row_inner][vc_column_inner][\/vc_column_inner][\/vc_row_inner][vc_column_text] WICHTIGE MITTEILUNG f\u00fcr die Bef\u00f6rderung Verbrauchsteuerpflichtiger Waren EMCS (Excise Movement and Control System) l\u00f6st ab 01.04.2010 die bisherigen Verfahren ab. [\/vc_column_text][\/vc_column][\/vc_row][vc_row][vc_column width=&#8220;2\/3&#8243;][vc_column_text] Lesen Sie hier, was sich f\u00fcr Sie \u00e4ndert \u2013&gt; Neuerungen EMCS ab 01.04.2010.pdf Jeder der mit Im- und Export von Waren zu tun hat kennt das Problem mit\u00a0Zollrichtlinien und Zolldokumenten.Gerne unterst\u00fctzen wir [&hellip;]<\/p>\n","protected":false},"author":1,"featured_media":1251,"parent":0,"menu_order":0,"comment_status":"closed","ping_status":"closed","template":"","meta":{"footnotes":""},"class_list":["post-259","page","type-page","status-publish","has-post-thumbnail","hentry"],"_links":{"self":[{"href":"https:\/\/www.howasped.de\/index.php\/wp-json\/wp\/v2\/pages\/259","targetHints":{"allow":["GET"]}}],"collection":[{"href":"https:\/\/www.howasped.de\/index.php\/wp-json\/wp\/v2\/pages"}],"about":[{"href":"https:\/\/www.howasped.de\/index.php\/wp-json\/wp\/v2\/types\/page"}],"author":[{"embeddable":true,"href":"https:\/\/www.howasped.de\/index.php\/wp-json\/wp\/v2\/users\/1"}],"replies":[{"embeddable":true,"href":"https:\/\/www.howasped.de\/index.php\/wp-json\/wp\/v2\/comments?post=259"}],"version-history":[{"count":0,"href":"https:\/\/www.howasped.de\/index.php\/wp-json\/wp\/v2\/pages\/259\/revisions"}],"wp:featuredmedia":[{"embeddable":true,"href":"https:\/\/www.howasped.de\/index.php\/wp-json\/wp\/v2\/media\/1251"}],"wp:attachment":[{"href":"https:\/\/www.howasped.de\/index.php\/wp-json\/wp\/v2\/media?parent=259"}],"curies":[{"name":"wp","href":"https:\/\/api.w.org\/{rel}","templated":true}]}}