{"id":257,"date":"2016-03-22T12:13:16","date_gmt":"2016-03-22T11:13:16","guid":{"rendered":"http:\/\/www.howasped.de\/neu\/?page_id=257"},"modified":"2017-02-17T12:22:46","modified_gmt":"2017-02-17T11:22:46","slug":"lagerlogistik","status":"publish","type":"page","link":"https:\/\/www.howasped.de\/index.php\/lagerlogistik\/","title":{"rendered":"Lagerlogistik"},"content":{"rendered":"<p>[vc_row newlayout=&#8220;Fixed&#8220;][vc_column]<div class=\"blank-spacer clearfix  \"  style=\"margin-bottom:80px !important; clear:both;\"><\/div><div class=\"section-header tblock-default text-center   \">\r\n\t\t\t\t<h3 class=\"tblock \" style=\"color: !important;\"> Lager-\/Kontraktlogistik bei Howasped<\/h3><p style=\"color: !important;\">HOWASPED - Die Profis f\u00fcr Ihre Weintransporte &amp; Lagerung weltweit.<\/p>\r\n\t\t\t<\/div>[\/vc_column][\/vc_row][vc_row newlayout=&#8220;Fixed&#8220; css=&#8220;.vc_custom_1464175512675{margin-bottom: 0px !important;}&#8220;][vc_column width=&#8220;1\/4&#8243;]<div class=\"offers-content fblock1  animation fadeInRight \">\r\n\t\t\t\t\t<i class=\"fa fa-bars \"><\/i>\r\n\t\t\t\t\t<h3>Bereitstellen von geeigneten R\u00e4umlichkeiten<\/h3>\r\n\t\t\t\t\t<p>Bereitstellen von geeigneten R\u00e4umlichkeiten und langj\u00e4hrigem Know how in der Weinlogistik, Verf\u00fcgbarkeit von Zoll- und Verbrauchsteuerl\u00e4gern.<\/p>\r\n\t\t\t\t<\/div>[\/vc_column][vc_column width=&#8220;1\/4&#8243;]<div class=\"offers-content fblock1  animation fadeInRight \">\r\n\t\t\t\t\t<i class=\"fa fa-cubes \"><\/i>\r\n\t\t\t\t\t<h3>Kommissionierung<\/h3>\r\n\t\t\t\t\t<p>Kommissionierung (Pakete\/Paletten\/Sonderformate\/Display\u00b4s)<\/p>\r\n\t\t\t\t<\/div><div class=\"offers-content fblock1  animation fadeInRight \">\r\n\t\t\t\t\t<i class=\"fa  fa-shopping-cart \"><\/i>\r\n\t\t\t\t\t<h3>DF\u00dc-Anbindung<\/h3>\r\n\t\t\t\t\t<p>DF\u00dc-Anbindung Ihrer Warenwirtschaftssoftware oder Ihres Onlineshops<\/p>\r\n\t\t\t\t<\/div>[\/vc_column][vc_column width=&#8220;1\/4&#8243;]<div class=\"offers-content fblock1  animation fadeInRight \">\r\n\t\t\t\t\t<i class=\"fa fa-truck \"><\/i>\r\n\t\t\t\t\t<h3>Logistik aus einer Hand<\/h3>\r\n\t\t\t\t\t<p>Logistik aus einer Hand vom Lieferanten bis zum Empf\u00e4nger.<\/p>\r\n\t\t\t\t<\/div><div class=\"offers-content fblock1  animation fadeInRight \">\r\n\t\t\t\t\t<i class=\"fa fa-calendar \"><\/i>\r\n\t\t\t\t\t<h3>Projekt- und Eventabwicklung<\/h3>\r\n\t\t\t\t\t<p>Projekt- und Eventabwicklung (Weinprobe, Messe etc.)<\/p>\r\n\t\t\t\t<\/div>[\/vc_column][vc_column width=&#8220;1\/4&#8243;]<div class=\"offers-content fblock1  animation fadeInRight \">\r\n\t\t\t\t\t<i class=\"fa fa-desktop \"><\/i>\r\n\t\t\t\t\t<h3>EDV gesch\u00fctzte Bestandsf\u00fchrung<\/h3>\r\n\t\t\t\t\t<p>EDV gesch\u00fctzte Bestandsf\u00fchrung und Berichterstattung.<\/p>\r\n\t\t\t\t<\/div><div class=\"offers-content fblock1  animation fadeInRight \">\r\n\t\t\t\t\t<i class=\"fa fa-barcode\"><\/i>\r\n\t\t\t\t\t<h3>Erstellen von Barcode-Etiketten <\/h3>\r\n\t\t\t\t\t<p>Erstellen von Barcode-Etiketten (GS1 \/ EAN \/ NVE )<\/p>\r\n\t\t\t\t<\/div>[\/vc_column][\/vc_row][vc_row css=&#8220;.vc_custom_1446374159215{margin-bottom: 0px !important;}&#8220;][vc_column css=&#8220;.vc_custom_1446374153527{padding-right: 0px !important;padding-left: 0px !important;}&#8220;]<div class=\"blank-spacer clearfix  \"  style=\"margin-bottom:50px !important; clear:both;\"><\/div><div class=\"fullsize fullsize-background notopborder nobottomborder  \" style=\" background-color:#f6f7f8 !important; background-repeat:no-repeat !important; \">[vc_row_inner][vc_column_inner width=&#8220;1\/2&#8243; css=&#8220;.vc_custom_1446388824193{padding-left: 100px !important;}&#8220;]<div class=\"blank-spacer clearfix  \"  style=\"margin-bottom:80px !important; clear:both;\"><\/div><div class=\"section-header tblock-default text-left   \">\r\n\t\t\t\t<h3 class=\"tblock \" style=\"color: !important;\">Wir lagern f\u00fcr Sie jegliches Produkt Ihres Sortiments.<\/h3><p style=\"color: !important;\">Weine, Spitituosen, Rarit\u00e4ten, ``nicht k\u00fchlpflichtige`` Lebensmittel und alles was dazu geh\u00f6rt ist f\u00fcr die Profis aus W\u00f6rrstadt kein Problem. Logistik ``Made in Germany`` ist der Leitsatz f\u00fcr unsere Dienstleistungen, die wir Ihnen mit h\u00f6chster Qualit\u00e4t &amp; Zuverl\u00e4ssigkeit anbieten. Wir greifen auf 4500 m\u00b2 eigene Alarm-\/Kamera\u00fcberwachte Lagerfl\u00e4che zu, auf denen wir die Ware unserer Kunden bis zum Abruf lagern. Hierzu geh\u00f6rt unter anderem unser , im August 2014 er\u00f6ffnetes, -WDZ- Weindistributionszentrum mit eine Kapazit\u00e4t von 2,1 Mio. Flaschen, welches Top Einrichtungen f\u00fcr die Lagerung von Weinen und Spirituosen bietet. <\/p>\r\n\t\t\t<\/div>[vc_column_text]<span><strong>Alle wichtigen Anbauregionen der Welt sind unserem Lager vereint.<\/strong>\u00a0<\/span><\/p>\n<div><span><span><span>Unsere L\u00e4ger in W\u00f6rrstadt\u00a0sind technisch\u00a0hochmodern. \u00dcberzeugen Sie sich doch gerne selbst indem Sie uns einen Besuch abstatten. <\/span><\/span><\/span><\/div>\n<p>[\/vc_column_text][\/vc_column_inner][vc_column_inner width=&#8220;1\/2&#8243; css=&#8220;.vc_custom_1487330370590{padding-right: 0px !important;background-image: url(http:\/\/www.howasped.de\/wp-content\/uploads\/2017\/02\/Lagerlogistik_WDZ.jpg?id=1634) !important;background-position: center !important;background-repeat: no-repeat !important;background-size: cover !important;}&#8220;]<div class=\"blank-spacer clearfix  \"  style=\"margin-bottom:80px !important; clear:both;\"><\/div><div  class=\"fact-box count-short  col-md-6 color-white\">\r\n\t\t\t\t\t<i class=\"fa fa-truck\"><\/i>\r\n\t\t\t\t\t<p>DELIVERIES DONE <\/p>\r\n\t\t\t\t\t<span id=\"counter-short-424\">20435<\/span>\r\n\t\t\t\t<\/div><script type=\"text\/javascript\">\r\n\t\tjQuery(document).ready(function(){\r\n\t\t\t jQuery(\"#counter-short-424\").animateNumber({ number: 20435}, 2000);\r\n\t\t});\r\n\t<\/script><div  class=\"fact-box count-short  col-md-6 color-white\">\r\n\t\t\t\t\t<i class=\"fa fa-truck\"><\/i>\r\n\t\t\t\t\t<p>DELIVERIES DONE <\/p>\r\n\t\t\t\t\t<span id=\"counter-short-849\">20213<\/span>\r\n\t\t\t\t<\/div><script type=\"text\/javascript\">\r\n\t\tjQuery(document).ready(function(){\r\n\t\t\t jQuery(\"#counter-short-849\").animateNumber({ number: 20213}, 2000);\r\n\t\t});\r\n\t<\/script><div  class=\"fact-box count-short  col-md-6 color-white\">\r\n\t\t\t\t\t<i class=\"fa fa-truck\"><\/i>\r\n\t\t\t\t\t<p>DELIVERIES DONE <\/p>\r\n\t\t\t\t\t<span id=\"counter-short-600\">1890<\/span>\r\n\t\t\t\t<\/div><script type=\"text\/javascript\">\r\n\t\tjQuery(document).ready(function(){\r\n\t\t\t jQuery(\"#counter-short-600\").animateNumber({ number: 1890}, 2000);\r\n\t\t});\r\n\t<\/script><div  class=\"fact-box count-short  col-md-6 color-white\">\r\n\t\t\t\t\t<i class=\"fa fa-truck\"><\/i>\r\n\t\t\t\t\t<p>DELIVERIES DONE <\/p>\r\n\t\t\t\t\t<span id=\"counter-short-682\">5720<\/span>\r\n\t\t\t\t<\/div><script type=\"text\/javascript\">\r\n\t\tjQuery(document).ready(function(){\r\n\t\t\t jQuery(\"#counter-short-682\").animateNumber({ number: 5720}, 2000);\r\n\t\t});\r\n\t<\/script>[\/vc_column_inner][\/vc_row_inner]<\/div><script>\r\n\t\t\tjQuery(function(){\r\n\t\t\t\tjQuery(\"#ytvideo24228\").mb_YTPlayer();\r\n\t\t\t});\r\n\t\t\t<\/script>[\/vc_column][\/vc_row]<\/p>\n","protected":false},"excerpt":{"rendered":"<p>[vc_row newlayout=&#8220;Fixed&#8220;][vc_column][\/vc_column][\/vc_row][vc_row newlayout=&#8220;Fixed&#8220; css=&#8220;.vc_custom_1464175512675{margin-bottom: 0px !important;}&#8220;][vc_column width=&#8220;1\/4&#8243;][\/vc_column][vc_column width=&#8220;1\/4&#8243;][\/vc_column][vc_column width=&#8220;1\/4&#8243;][\/vc_column][vc_column width=&#8220;1\/4&#8243;][\/vc_column][\/vc_row][vc_row css=&#8220;.vc_custom_1446374159215{margin-bottom: 0px !important;}&#8220;][vc_column css=&#8220;.vc_custom_1446374153527{padding-right: 0px !important;padding-left: 0px !important;}&#8220;][\/vc_column][\/vc_row]<\/p>\n","protected":false},"author":1,"featured_media":1392,"parent":0,"menu_order":0,"comment_status":"closed","ping_status":"closed","template":"page-fluid.php","meta":{"footnotes":""},"class_list":["post-257","page","type-page","status-publish","has-post-thumbnail","hentry"],"_links":{"self":[{"href":"https:\/\/www.howasped.de\/index.php\/wp-json\/wp\/v2\/pages\/257","targetHints":{"allow":["GET"]}}],"collection":[{"href":"https:\/\/www.howasped.de\/index.php\/wp-json\/wp\/v2\/pages"}],"about":[{"href":"https:\/\/www.howasped.de\/index.php\/wp-json\/wp\/v2\/types\/page"}],"author":[{"embeddable":true,"href":"https:\/\/www.howasped.de\/index.php\/wp-json\/wp\/v2\/users\/1"}],"replies":[{"embeddable":true,"href":"https:\/\/www.howasped.de\/index.php\/wp-json\/wp\/v2\/comments?post=257"}],"version-history":[{"count":0,"href":"https:\/\/www.howasped.de\/index.php\/wp-json\/wp\/v2\/pages\/257\/revisions"}],"wp:featuredmedia":[{"embeddable":true,"href":"https:\/\/www.howasped.de\/index.php\/wp-json\/wp\/v2\/media\/1392"}],"wp:attachment":[{"href":"https:\/\/www.howasped.de\/index.php\/wp-json\/wp\/v2\/media?parent=257"}],"curies":[{"name":"wp","href":"https:\/\/api.w.org\/{rel}","templated":true}]}}