{"id":253,"date":"2016-03-22T12:11:51","date_gmt":"2016-03-22T11:11:51","guid":{"rendered":"http:\/\/www.howasped.de\/neu\/?page_id=253"},"modified":"2016-07-04T18:08:29","modified_gmt":"2016-07-04T16:08:29","slug":"internationale-transporte","status":"publish","type":"page","link":"https:\/\/www.howasped.de\/index.php\/internationale-transporte\/","title":{"rendered":"Internationale-Transporte"},"content":{"rendered":"<p>[vc_row newlayout=&#8220;Fixed&#8220;][vc_column]<div class=\"blank-spacer clearfix  \"  style=\"margin-bottom:80px !important; clear:both;\"><\/div><div class=\"section-header tblock-default text-center   \">\r\n\t\t\t\t<h3 class=\"tblock \" style=\"color: !important;\"> Internationale Transporte<\/h3><p style=\"color: !important;\">Vor-Ort f\u00fcr Sie in den Weinbauregionen Europa\u00b4s<\/p>\r\n\t\t\t<\/div>[vc_row_inner][vc_column_inner width=&#8220;1\/3&#8243;]<div class=\"offers-content fblock1  animation fadeInRight \">\r\n\t\t\t\t\t<i class=\"fa fa-globe\"><\/i>\r\n\t\t\t\t\t<h3>Internationale Transporte<\/h3>\r\n\t\t\t\t\t<p>Regelm\u00e4\u00dfige Sammelgutverkehre aus allen\u00a0europ\u00e4ischen Weinanbaugebieten nach Deutschland.<\/p>\r\n\t\t\t\t<\/div><div class=\"offers-content fblock1  animation fadeInRight \">\r\n\t\t\t\t\t<i class=\"fa fa-user \"><\/i>\r\n\t\t\t\t\t<h3>Korrespondenten in den wichtigsten Wein-Regionen<\/h3>\r\n\t\t\t\t\t<p>Korrespondenten in den wichtigsten Wein-Regionen.<\/p>\r\n\t\t\t\t<\/div>[\/vc_column_inner][vc_column_inner width=&#8220;1\/3&#8243;]<div class=\"offers-content fblock1  animation fadeInRight \">\r\n\t\t\t\t\t<i class=\"fa fa fa-image\"><\/i>\r\n\t\t\t\t\t<h3>Direkttransporte f\u00fcr Teil- und Komplett ladungen <\/h3>\r\n\t\t\t\t\t<p>Direkttransporte f\u00fcr Teil- und Komplettladungen ab Anbaugebiet bis frei Haus aller Bestimmungsorte in Deutschland.<\/p>\r\n\t\t\t\t<\/div><div class=\"offers-content fblock1  animation fadeInRight \">\r\n\t\t\t\t\t<i class=\"fa fa fa-pencil-square-o\"><\/i>\r\n\t\t\t\t\t<h3>EVD- und Verbrauchssteuerabfertigung.<\/h3>\r\n\t\t\t\t\t<p>Wir \u00fcbernehmen f\u00fcr Sie die EVD- und Verbrauchssteuerabfertigung.<\/p>\r\n\t\t\t\t<\/div>[\/vc_column_inner][vc_column_inner width=&#8220;1\/3&#8243;]<div class=\"offers-content fblock1  animation fadeInRight \">\r\n\t\t\t\t\t<i class=\"fa fa-truck\"><\/i>\r\n\t\t\t\t\t<h3>Bundesweite Verteilung <\/h3>\r\n\t\t\t\t\t<p>Bundesweite Verteilung ab W\u00f6rrstadt f\u00fcr St\u00fcckgutsendungen.<\/p>\r\n\t\t\t\t<\/div><div class=\"offers-content fblock1  animation fadeInRight \">\r\n\t\t\t\t\t<i class=\"fa fa fa-ship\"><\/i>\r\n\t\t\t\t\t<h3>Lagerlogistik<\/h3>\r\n\t\t\t\t\t<p>Zwischenlagerung bis zum Abruf und auf Wunsch das &#8222;Rundum sorglos Paket&#8220;<\/p>\r\n\t\t\t\t<\/div>[\/vc_column_inner][\/vc_row_inner][vc_separator][vc_row_inner][vc_column_inner]<div class=\"section-header tblock-default text-center   \">\r\n\t\t\t\t<h3 class=\"tblock \" style=\"color: !important;\">UNSERE PARTNER<\/h3><p style=\"color: !important;\">Unsere Partner bilden einen Teil der Basis um Ihnen einen bestm\u00f6glichsten Service zu bieten<\/p>\r\n\t\t\t<\/div>[\/vc_column_inner][\/vc_row_inner][\/vc_column][\/vc_row][vc_row newlayout=&#8220;Fixed&#8220; css=&#8220;.vc_custom_1446389817854{margin-bottom: 0px !important;}&#8220; el_class=&#8220;text-center&#8220;][vc_column]<div id=\"clients-slider-26546\" class=\"partners-logos  \">\r\n\t\t\t\t\t\t\n<div class=\"item\"><a href=\"#\"><img decoding=\"async\" src=\"https:\/\/www.howasped.de\/wp-content\/uploads\/2016\/06\/ups_Logo.jpg\"  alt=\"carousel-img\" \/><\/a><\/div>\n\n<div class=\"item\"><a href=\"#\"><img decoding=\"async\" src=\"https:\/\/www.howasped.de\/wp-content\/uploads\/2016\/06\/Kuehe_Nagel.jpg\"  alt=\"carousel-img\" \/><\/a><\/div>\n\n<div class=\"item\"><a href=\"#\"><img decoding=\"async\" src=\"https:\/\/www.howasped.de\/wp-content\/uploads\/2016\/06\/kraftverkehr_Nagel.jpg\"  alt=\"carousel-img\" \/><\/a><\/div>\n\n<div class=\"item\"><a href=\"#\"><img decoding=\"async\" src=\"https:\/\/www.howasped.de\/wp-content\/uploads\/2016\/06\/selection.jpg\"  alt=\"carousel-img\" \/><\/a><\/div>\n\n<div class=\"item\"><a href=\"#\"><img decoding=\"async\" src=\"https:\/\/www.howasped.de\/wp-content\/uploads\/2016\/05\/dhl-2.jpg\"  alt=\"carousel-img\" \/><\/a><\/div>\r\n\t\t\t\t\t<\/div><script type=\"text\/javascript\">\r\n\t\t\t\tjQuery(document).ready(function(){jQuery(\"#clients-slider-26546\").owlCarousel({\r\n\t\t\t\t\t\t\t\trtl\t:false,\r\n\t\t\t\t\t\t\t\tdots : false,\r\n\t\t\t\t\t\t\t\tloop: true,\r\n\t\t\t\t\t\t\t\tnav: false,\r\n\t\t\t\t\t\t\t\tautoplay: true,\r\n\t\t\t\t\t\t\t\tautoplayTimeout:3000,\r\n\t\t\t\t\t\t\t\titems : 5,\r\n\t\t\t\t\t\t\t\tresponsive: {\r\n\t\t\t\t\t\t\t\t\t0: {\r\n\t\t\t\t\t\t\t\t\t\titems: 1\r\n\t\t\t\t\t\t\t\t\t},\r\n\t\t\t\t\t\t\t\t\t768: {\r\n\t\t\t\t\t\t\t\t\t\titems: 4\r\n\t\t\t\t\t\t\t\t\t},\r\n\t\t\t\t\t\t\t\t\t1200: {\r\n\t\t\t\t\t\t\t\t\t\titems: 5,\r\n\t\t\t\t\t\t\t\t\t}\r\n\t\t\t\t\t\t\t\t}\r\n\t\t\t\t\t\t\t});})\r\n\t\t\t<\/script>[\/vc_column][\/vc_row]<\/p>\n","protected":false},"excerpt":{"rendered":"<p>[vc_row newlayout=&#8220;Fixed&#8220;][vc_column][vc_row_inner][vc_column_inner width=&#8220;1\/3&#8243;][\/vc_column_inner][vc_column_inner width=&#8220;1\/3&#8243;][\/vc_column_inner][vc_column_inner width=&#8220;1\/3&#8243;][\/vc_column_inner][\/vc_row_inner][vc_separator][vc_row_inner][vc_column_inner][\/vc_column_inner][\/vc_row_inner][\/vc_column][\/vc_row][vc_row newlayout=&#8220;Fixed&#8220; css=&#8220;.vc_custom_1446389817854{margin-bottom: 0px !important;}&#8220; el_class=&#8220;text-center&#8220;][vc_column][\/vc_column][\/vc_row]<\/p>\n","protected":false},"author":1,"featured_media":1251,"parent":0,"menu_order":0,"comment_status":"closed","ping_status":"closed","template":"page-fluid.php","meta":{"footnotes":""},"class_list":["post-253","page","type-page","status-publish","has-post-thumbnail","hentry"],"_links":{"self":[{"href":"https:\/\/www.howasped.de\/index.php\/wp-json\/wp\/v2\/pages\/253","targetHints":{"allow":["GET"]}}],"collection":[{"href":"https:\/\/www.howasped.de\/index.php\/wp-json\/wp\/v2\/pages"}],"about":[{"href":"https:\/\/www.howasped.de\/index.php\/wp-json\/wp\/v2\/types\/page"}],"author":[{"embeddable":true,"href":"https:\/\/www.howasped.de\/index.php\/wp-json\/wp\/v2\/users\/1"}],"replies":[{"embeddable":true,"href":"https:\/\/www.howasped.de\/index.php\/wp-json\/wp\/v2\/comments?post=253"}],"version-history":[{"count":0,"href":"https:\/\/www.howasped.de\/index.php\/wp-json\/wp\/v2\/pages\/253\/revisions"}],"wp:featuredmedia":[{"embeddable":true,"href":"https:\/\/www.howasped.de\/index.php\/wp-json\/wp\/v2\/media\/1251"}],"wp:attachment":[{"href":"https:\/\/www.howasped.de\/index.php\/wp-json\/wp\/v2\/media?parent=253"}],"curies":[{"name":"wp","href":"https:\/\/api.w.org\/{rel}","templated":true}]}}